{"id":2984,"date":"2023-05-29T15:46:36","date_gmt":"2023-05-29T12:46:36","guid":{"rendered":"https:\/\/thinshop.com.tr\/?post_type=product&#038;p=2984"},"modified":"2023-06-02T15:27:22","modified_gmt":"2023-06-02T12:27:22","slug":"siyah-capraz-kemer-dalgic-tayt","status":"publish","type":"product","link":"https:\/\/thinshop.com.tr\/ru\/siyah-capraz-kemer-dalgic-tayt\/","title":{"rendered":"Siyah \u00c7apraz Kemer Dalg\u0131\u00e7 Tayt"},"content":{"rendered":"<p>Model No:2024<\/p>\n<p>Kalite: %95 Pes %5 Elastan \\ Micro Dalg\u0131\u00e7<\/p>\n<p>Bedenler: 36-38-40-42<\/p>\n<p>Renkler: Siyah<\/p>\n","protected":false},"excerpt":{"rendered":"<p>Model No:2024 Kalite: %95 Pes %5 Elastan \\ Micro Dalg\u0131\u00e7 Bedenler: 36-38-40-42 Renkler: Siyah<\/p>\n","protected":false},"featured_media":2960,"comment_status":"closed","ping_status":"closed","template":"","meta":{"_joinchat":[]},"product_brand":[],"product_cat":[26],"product_tag":[],"class_list":{"0":"post-2984","1":"product","2":"type-product","3":"status-publish","4":"has-post-thumbnail","6":"product_cat-thin-fit","8":"first","9":"instock","10":"shipping-taxable","11":"product-type-simple"},"_links":{"self":[{"href":"https:\/\/thinshop.com.tr\/ru\/wp-json\/wp\/v2\/product\/2984","targetHints":{"allow":["GET"]}}],"collection":[{"href":"https:\/\/thinshop.com.tr\/ru\/wp-json\/wp\/v2\/product"}],"about":[{"href":"https:\/\/thinshop.com.tr\/ru\/wp-json\/wp\/v2\/types\/product"}],"replies":[{"embeddable":true,"href":"https:\/\/thinshop.com.tr\/ru\/wp-json\/wp\/v2\/comments?post=2984"}],"wp:featuredmedia":[{"embeddable":true,"href":"https:\/\/thinshop.com.tr\/ru\/wp-json\/wp\/v2\/media\/2960"}],"wp:attachment":[{"href":"https:\/\/thinshop.com.tr\/ru\/wp-json\/wp\/v2\/media?parent=2984"}],"wp:term":[{"taxonomy":"product_brand","embeddable":true,"href":"https:\/\/thinshop.com.tr\/ru\/wp-json\/wp\/v2\/product_brand?post=2984"},{"taxonomy":"product_cat","embeddable":true,"href":"https:\/\/thinshop.com.tr\/ru\/wp-json\/wp\/v2\/product_cat?post=2984"},{"taxonomy":"product_tag","embeddable":true,"href":"https:\/\/thinshop.com.tr\/ru\/wp-json\/wp\/v2\/product_tag?post=2984"}],"curies":[{"name":"wp","href":"https:\/\/api.w.org\/{rel}","templated":true}]}}