{"id":2981,"date":"2023-05-29T15:43:41","date_gmt":"2023-05-29T12:43:41","guid":{"rendered":"https:\/\/thinshop.com.tr\/?post_type=product&#038;p=2981"},"modified":"2023-05-31T14:01:20","modified_gmt":"2023-05-31T11:01:20","slug":"fermuarli-baskili-cepli-spor-tayt","status":"publish","type":"product","link":"https:\/\/thinshop.com.tr\/ru\/fermuarli-baskili-cepli-spor-tayt\/","title":{"rendered":"Fermuarl\u0131 Bask\u0131l\u0131 Cepli Spor Tayt"},"content":{"rendered":"<p><strong>Model No:<\/strong> 425<\/p>\n<p><strong>Kalite:<\/strong> %95 Pes %5 Elastan \\ Micro Dalg\u0131\u00e7<\/p>\n<p><strong>Bedenler:<\/strong> 36-38-40-42<\/p>\n<p><strong>Renkler:<\/strong> Siyah<\/p>\n","protected":false},"excerpt":{"rendered":"<p>Model No: 425 Kalite: %95 Pes %5 Elastan \\ Micro Dalg\u0131\u00e7 Bedenler: 36-38-40-42 Renkler: Siyah<\/p>\n","protected":false},"featured_media":2930,"comment_status":"closed","ping_status":"closed","template":"","meta":{"_joinchat":[]},"product_brand":[],"product_cat":[26],"product_tag":[],"class_list":{"0":"post-2981","1":"product","2":"type-product","3":"status-publish","4":"has-post-thumbnail","6":"product_cat-thin-fit","8":"first","9":"instock","10":"shipping-taxable","11":"product-type-simple"},"_links":{"self":[{"href":"https:\/\/thinshop.com.tr\/ru\/wp-json\/wp\/v2\/product\/2981","targetHints":{"allow":["GET"]}}],"collection":[{"href":"https:\/\/thinshop.com.tr\/ru\/wp-json\/wp\/v2\/product"}],"about":[{"href":"https:\/\/thinshop.com.tr\/ru\/wp-json\/wp\/v2\/types\/product"}],"replies":[{"embeddable":true,"href":"https:\/\/thinshop.com.tr\/ru\/wp-json\/wp\/v2\/comments?post=2981"}],"wp:featuredmedia":[{"embeddable":true,"href":"https:\/\/thinshop.com.tr\/ru\/wp-json\/wp\/v2\/media\/2930"}],"wp:attachment":[{"href":"https:\/\/thinshop.com.tr\/ru\/wp-json\/wp\/v2\/media?parent=2981"}],"wp:term":[{"taxonomy":"product_brand","embeddable":true,"href":"https:\/\/thinshop.com.tr\/ru\/wp-json\/wp\/v2\/product_brand?post=2981"},{"taxonomy":"product_cat","embeddable":true,"href":"https:\/\/thinshop.com.tr\/ru\/wp-json\/wp\/v2\/product_cat?post=2981"},{"taxonomy":"product_tag","embeddable":true,"href":"https:\/\/thinshop.com.tr\/ru\/wp-json\/wp\/v2\/product_tag?post=2981"}],"curies":[{"name":"wp","href":"https:\/\/api.w.org\/{rel}","templated":true}]}}