{"id":4245,"date":"2023-05-30T23:00:58","date_gmt":"2023-05-30T20:00:58","guid":{"rendered":"https:\/\/thinshop.com.tr\/?post_type=product&#038;p=4245"},"modified":"2024-10-03T19:53:03","modified_gmt":"2024-10-03T16:53:03","slug":"celik-fit-toparlayici-tayt-sort","status":"publish","type":"product","link":"https:\/\/thinshop.com.tr\/en\/celik-fit-toparlayici-tayt-sort\/","title":{"rendered":"\u00c7elik Fit Toparlay\u0131c\u0131 Tayt \u015eort"},"content":{"rendered":"<p><strong>Model No:<\/strong> 1110<\/p>\n<p><strong>Kalite:<\/strong> %95 Pes %5 Elastan \\ \u00c7elik \u0130nterlok<\/p>\n<p><strong>Bedenler:<\/strong> 36-38-40-42<\/p>\n<p><strong>Renkler:<\/strong> Siyah<\/p>\n","protected":false},"excerpt":{"rendered":"<p>Model No: 1110 Kalite: %95 Pes %5 Elastan \\ \u00c7elik \u0130nterlok Bedenler: 36-38-40-42 Renkler: Siyah<\/p>\n","protected":false},"featured_media":4164,"comment_status":"closed","ping_status":"closed","template":"","meta":{"_joinchat":[]},"product_brand":[],"product_cat":[20,15],"product_tag":[],"class_list":{"0":"post-4245","1":"product","2":"type-product","3":"status-publish","4":"has-post-thumbnail","6":"product_cat-sort","7":"product_cat-tayt","9":"first","10":"instock","11":"shipping-taxable","12":"product-type-simple"},"_links":{"self":[{"href":"https:\/\/thinshop.com.tr\/en\/wp-json\/wp\/v2\/product\/4245","targetHints":{"allow":["GET"]}}],"collection":[{"href":"https:\/\/thinshop.com.tr\/en\/wp-json\/wp\/v2\/product"}],"about":[{"href":"https:\/\/thinshop.com.tr\/en\/wp-json\/wp\/v2\/types\/product"}],"replies":[{"embeddable":true,"href":"https:\/\/thinshop.com.tr\/en\/wp-json\/wp\/v2\/comments?post=4245"}],"wp:featuredmedia":[{"embeddable":true,"href":"https:\/\/thinshop.com.tr\/en\/wp-json\/wp\/v2\/media\/4164"}],"wp:attachment":[{"href":"https:\/\/thinshop.com.tr\/en\/wp-json\/wp\/v2\/media?parent=4245"}],"wp:term":[{"taxonomy":"product_brand","embeddable":true,"href":"https:\/\/thinshop.com.tr\/en\/wp-json\/wp\/v2\/product_brand?post=4245"},{"taxonomy":"product_cat","embeddable":true,"href":"https:\/\/thinshop.com.tr\/en\/wp-json\/wp\/v2\/product_cat?post=4245"},{"taxonomy":"product_tag","embeddable":true,"href":"https:\/\/thinshop.com.tr\/en\/wp-json\/wp\/v2\/product_tag?post=4245"}],"curies":[{"name":"wp","href":"https:\/\/api.w.org\/{rel}","templated":true}]}}