{"id":4240,"date":"2023-05-30T22:57:53","date_gmt":"2023-05-30T19:57:53","guid":{"rendered":"https:\/\/thinshop.com.tr\/?post_type=product&#038;p=4240"},"modified":"2024-10-03T19:53:03","modified_gmt":"2024-10-03T16:53:03","slug":"beli-lastkli-logolu-bagcikli-pamuk-sort","status":"publish","type":"product","link":"https:\/\/thinshop.com.tr\/en\/beli-lastkli-logolu-bagcikli-pamuk-sort\/","title":{"rendered":"Beli Lastkli Logolu Ba\u011fc\u0131kl\u0131 Pamuk \u015eort"},"content":{"rendered":"<p><strong>Model No:<\/strong> 242<br \/>\n<strong>Kalite:<\/strong> %95 Pamuk %5 Elastan \\ 2 iplik<br \/>\n<strong>Bedenler:<\/strong> 36-38-40-42<br \/>\n<strong>Renkler:<\/strong> Siyah \u2013 ekru \u2013 haki &#8211; hardal<\/p>\n","protected":false},"excerpt":{"rendered":"<p>Model No: 242 Kalite: %95 Pamuk %5 Elastan \\ 2 iplik Bedenler: 36-38-40-42 Renkler: Siyah \u2013 ekru \u2013 haki &#8211;<\/p>\n","protected":false},"featured_media":0,"comment_status":"closed","ping_status":"closed","template":"","meta":{"_joinchat":[]},"product_brand":[],"product_cat":[20],"product_tag":[],"class_list":{"0":"post-4240","1":"product","2":"type-product","3":"status-publish","5":"product_cat-sort","7":"first","8":"instock","9":"shipping-taxable","10":"product-type-variable"},"_links":{"self":[{"href":"https:\/\/thinshop.com.tr\/en\/wp-json\/wp\/v2\/product\/4240","targetHints":{"allow":["GET"]}}],"collection":[{"href":"https:\/\/thinshop.com.tr\/en\/wp-json\/wp\/v2\/product"}],"about":[{"href":"https:\/\/thinshop.com.tr\/en\/wp-json\/wp\/v2\/types\/product"}],"replies":[{"embeddable":true,"href":"https:\/\/thinshop.com.tr\/en\/wp-json\/wp\/v2\/comments?post=4240"}],"wp:attachment":[{"href":"https:\/\/thinshop.com.tr\/en\/wp-json\/wp\/v2\/media?parent=4240"}],"wp:term":[{"taxonomy":"product_brand","embeddable":true,"href":"https:\/\/thinshop.com.tr\/en\/wp-json\/wp\/v2\/product_brand?post=4240"},{"taxonomy":"product_cat","embeddable":true,"href":"https:\/\/thinshop.com.tr\/en\/wp-json\/wp\/v2\/product_cat?post=4240"},{"taxonomy":"product_tag","embeddable":true,"href":"https:\/\/thinshop.com.tr\/en\/wp-json\/wp\/v2\/product_tag?post=4240"}],"curies":[{"name":"wp","href":"https:\/\/api.w.org\/{rel}","templated":true}]}}