{"id":2982,"date":"2023-05-29T15:44:36","date_gmt":"2023-05-29T12:44:36","guid":{"rendered":"https:\/\/thinshop.com.tr\/?post_type=product&#038;p=2982"},"modified":"2023-05-31T14:01:20","modified_gmt":"2023-05-31T11:01:20","slug":"yuksek-bel-toparlayici-karyokali-tayt","status":"publish","type":"product","link":"https:\/\/thinshop.com.tr\/en\/yuksek-bel-toparlayici-karyokali-tayt\/","title":{"rendered":"Y\u00fcksek Bel Toparlay\u0131c\u0131 Karyokal\u0131 Tayt"},"content":{"rendered":"<p>Model No: 502<\/p>\n<p>Kalite: %95 Pes %5 Elastan \\ Micro Dalg\u0131\u00e7<\/p>\n<p>Bedenler: 36-38-40-42<\/p>\n<p>Renkler: Siyah<\/p>\n","protected":false},"excerpt":{"rendered":"<p>Model No: 502 Kalite: %95 Pes %5 Elastan \\ Micro Dalg\u0131\u00e7 Bedenler: 36-38-40-42 Renkler: Siyah<\/p>\n","protected":false},"featured_media":2939,"comment_status":"closed","ping_status":"closed","template":"","meta":{"_joinchat":[]},"product_brand":[],"product_cat":[15,26],"product_tag":[],"class_list":{"0":"post-2982","1":"product","2":"type-product","3":"status-publish","4":"has-post-thumbnail","6":"product_cat-tayt","7":"product_cat-thin-fit","9":"first","10":"instock","11":"shipping-taxable","12":"product-type-simple"},"_links":{"self":[{"href":"https:\/\/thinshop.com.tr\/en\/wp-json\/wp\/v2\/product\/2982","targetHints":{"allow":["GET"]}}],"collection":[{"href":"https:\/\/thinshop.com.tr\/en\/wp-json\/wp\/v2\/product"}],"about":[{"href":"https:\/\/thinshop.com.tr\/en\/wp-json\/wp\/v2\/types\/product"}],"replies":[{"embeddable":true,"href":"https:\/\/thinshop.com.tr\/en\/wp-json\/wp\/v2\/comments?post=2982"}],"wp:featuredmedia":[{"embeddable":true,"href":"https:\/\/thinshop.com.tr\/en\/wp-json\/wp\/v2\/media\/2939"}],"wp:attachment":[{"href":"https:\/\/thinshop.com.tr\/en\/wp-json\/wp\/v2\/media?parent=2982"}],"wp:term":[{"taxonomy":"product_brand","embeddable":true,"href":"https:\/\/thinshop.com.tr\/en\/wp-json\/wp\/v2\/product_brand?post=2982"},{"taxonomy":"product_cat","embeddable":true,"href":"https:\/\/thinshop.com.tr\/en\/wp-json\/wp\/v2\/product_cat?post=2982"},{"taxonomy":"product_tag","embeddable":true,"href":"https:\/\/thinshop.com.tr\/en\/wp-json\/wp\/v2\/product_tag?post=2982"}],"curies":[{"name":"wp","href":"https:\/\/api.w.org\/{rel}","templated":true}]}}