{"id":2905,"date":"2023-05-29T15:42:08","date_gmt":"2023-05-29T12:42:08","guid":{"rendered":"https:\/\/thinshop.com.tr\/?post_type=product&#038;p=2905"},"modified":"2023-05-31T14:01:20","modified_gmt":"2023-05-31T11:01:20","slug":"tullu-yuksek-bel-spor-tayt","status":"publish","type":"product","link":"https:\/\/thinshop.com.tr\/en\/tullu-yuksek-bel-spor-tayt\/","title":{"rendered":"T\u00fcll\u00fc Y\u00fcksek Bel Spor Tayt"},"content":{"rendered":"<p><strong>Model No:<\/strong> 420<\/p>\n<p><strong>Kalite:<\/strong> %95 Pes %5 Elastan \\ Micro Dalg\u0131\u00e7<\/p>\n<p><strong>Bedenler:<\/strong> 36-38-40-42<\/p>\n<p><strong>Renkler:<\/strong> Siyah<\/p>\n","protected":false},"excerpt":{"rendered":"<p>Model No: 420 Kalite: %95 Pes %5 Elastan \\ Micro Dalg\u0131\u00e7 Bedenler: 36-38-40-42 Renkler: Siyah<\/p>\n","protected":false},"featured_media":2906,"comment_status":"closed","ping_status":"closed","template":"","meta":{"_joinchat":[]},"product_brand":[],"product_cat":[26],"product_tag":[],"class_list":{"0":"post-2905","1":"product","2":"type-product","3":"status-publish","4":"has-post-thumbnail","6":"product_cat-thin-fit","8":"first","9":"instock","10":"shipping-taxable","11":"product-type-simple"},"_links":{"self":[{"href":"https:\/\/thinshop.com.tr\/en\/wp-json\/wp\/v2\/product\/2905","targetHints":{"allow":["GET"]}}],"collection":[{"href":"https:\/\/thinshop.com.tr\/en\/wp-json\/wp\/v2\/product"}],"about":[{"href":"https:\/\/thinshop.com.tr\/en\/wp-json\/wp\/v2\/types\/product"}],"replies":[{"embeddable":true,"href":"https:\/\/thinshop.com.tr\/en\/wp-json\/wp\/v2\/comments?post=2905"}],"wp:featuredmedia":[{"embeddable":true,"href":"https:\/\/thinshop.com.tr\/en\/wp-json\/wp\/v2\/media\/2906"}],"wp:attachment":[{"href":"https:\/\/thinshop.com.tr\/en\/wp-json\/wp\/v2\/media?parent=2905"}],"wp:term":[{"taxonomy":"product_brand","embeddable":true,"href":"https:\/\/thinshop.com.tr\/en\/wp-json\/wp\/v2\/product_brand?post=2905"},{"taxonomy":"product_cat","embeddable":true,"href":"https:\/\/thinshop.com.tr\/en\/wp-json\/wp\/v2\/product_cat?post=2905"},{"taxonomy":"product_tag","embeddable":true,"href":"https:\/\/thinshop.com.tr\/en\/wp-json\/wp\/v2\/product_tag?post=2905"}],"curies":[{"name":"wp","href":"https:\/\/api.w.org\/{rel}","templated":true}]}}