{"id":2252,"date":"2023-05-26T19:33:28","date_gmt":"2023-05-26T16:33:28","guid":{"rendered":"https:\/\/thinshop.com.tr\/?post_type=product&#038;p=2252"},"modified":"2023-05-31T14:01:26","modified_gmt":"2023-05-31T11:01:26","slug":"esnek-palazzo-cepli-deri-pantolon","status":"publish","type":"product","link":"https:\/\/thinshop.com.tr\/en\/esnek-palazzo-cepli-deri-pantolon\/","title":{"rendered":"Esnek Palazzo Cepli Deri Pantolon"},"content":{"rendered":"<p><strong>Kalite:<\/strong> VEGAN LEATHER %95 Pes %5 Elastan<\/p>\n<p><strong>Bedenler:<\/strong> 36-38-40-42<\/p>\n<p><strong>Kal\u0131p:<\/strong>\u00a0 Wide Leg<\/p>\n<p><strong>Renkler:<\/strong> Siyah \u2013 Kahverengi<\/p>\n<ul>\n<li>S\u0131k\u0131 dokuma teknolojisi sayesinde i\u00e7 g\u00f6stermez.<\/li>\n<li>\u015eardonlu ve esnek yap\u0131ya sahip vegan deriden \u00fcertilmi\u015fitr.<\/li>\n<li>G\u00fcnl\u00fck Kullan\u0131ma uygundur.<\/li>\n<li>Makinede y\u0131kanabilir.<\/li>\n<li>\u00dcr\u00fcn\u00fcn kuma\u015f cinsine ve kullan\u0131ld\u0131\u011f\u0131 hava ko\u015fullar\u0131na g\u00f6re kullan\u0131m mevsimi de\u011fi\u015fiklik g\u00f6sterebilir.<\/li>\n<li>Kuma\u015f kalitesi ile rahat ve ferah kullan\u0131m sa\u011flayacak.<\/li>\n<li>T\u00fcrkiye\u2019de \u00fcretilmi\u015ftir.<\/li>\n<li>Oeko-Tex Sertifikal\u0131.<\/li>\n<li>Maksimum hareket \u00f6zg\u00fcrl\u00fc\u011f\u00fc sa\u011flar ve nefes alabilen bir yap\u0131dad\u0131r.<\/li>\n<li>\u00dcr\u00fcnlerimiz v\u00fccudunuzun \u015feklini m\u00fckemmel bir \u015fekilde al\u0131r ve diz yapma sorunu ya\u015fanmaz.<\/li>\n<li>Manken \u00f6zellikleri: S beden \/ 87-62-92<\/li>\n<li>Manken boyu: 174 cm<\/li>\n<\/ul>\n","protected":false},"excerpt":{"rendered":"<p>Kalite: VEGAN LEATHER %95 Pes %5 Elastan Bedenler: 36-38-40-42 Kal\u0131p:\u00a0 Wide Leg Renkler: Siyah \u2013 Kahverengi S\u0131k\u0131 dokuma teknolojisi sayesinde<\/p>\n","protected":false},"featured_media":0,"comment_status":"closed","ping_status":"closed","template":"","meta":{"_joinchat":[]},"product_brand":[],"product_cat":[21],"product_tag":[],"class_list":{"0":"post-2252","1":"product","2":"type-product","3":"status-publish","5":"product_cat-pantolon","7":"first","8":"instock","9":"shipping-taxable","10":"product-type-variable"},"_links":{"self":[{"href":"https:\/\/thinshop.com.tr\/en\/wp-json\/wp\/v2\/product\/2252","targetHints":{"allow":["GET"]}}],"collection":[{"href":"https:\/\/thinshop.com.tr\/en\/wp-json\/wp\/v2\/product"}],"about":[{"href":"https:\/\/thinshop.com.tr\/en\/wp-json\/wp\/v2\/types\/product"}],"replies":[{"embeddable":true,"href":"https:\/\/thinshop.com.tr\/en\/wp-json\/wp\/v2\/comments?post=2252"}],"wp:attachment":[{"href":"https:\/\/thinshop.com.tr\/en\/wp-json\/wp\/v2\/media?parent=2252"}],"wp:term":[{"taxonomy":"product_brand","embeddable":true,"href":"https:\/\/thinshop.com.tr\/en\/wp-json\/wp\/v2\/product_brand?post=2252"},{"taxonomy":"product_cat","embeddable":true,"href":"https:\/\/thinshop.com.tr\/en\/wp-json\/wp\/v2\/product_cat?post=2252"},{"taxonomy":"product_tag","embeddable":true,"href":"https:\/\/thinshop.com.tr\/en\/wp-json\/wp\/v2\/product_tag?post=2252"}],"curies":[{"name":"wp","href":"https:\/\/api.w.org\/{rel}","templated":true}]}}