{"id":2248,"date":"2023-05-26T19:29:54","date_gmt":"2023-05-26T16:29:54","guid":{"rendered":"https:\/\/thinshop.com.tr\/?post_type=product&#038;p=2248"},"modified":"2023-05-31T14:01:26","modified_gmt":"2023-05-31T11:01:26","slug":"piliseli-lastikli-pantolon","status":"publish","type":"product","link":"https:\/\/thinshop.com.tr\/en\/piliseli-lastikli-pantolon\/","title":{"rendered":"Piliseli Lastikli Pantolon"},"content":{"rendered":"<p><strong>Kalite:<\/strong> P\u0130L\u0130SE\u00a0 %97 PES %3 Elastan<\/p>\n<p><strong>Bedenler:<\/strong> 36-38-40-42<\/p>\n<p><strong>Kal\u0131p:<\/strong>\u00a0 Cigarette<\/p>\n<p><strong>Renkler:<\/strong> Siyah \u2013 Fu\u015fya<\/p>\n<ul>\n<li>S\u0131k\u0131 dokuma teknolojisi sayesinde i\u00e7 g\u00f6stermez.<\/li>\n<li>G\u00fcnl\u00fck Kullan\u0131ma uygundur.<\/li>\n<li>Makinede y\u0131kanabilir.<\/li>\n<li>Esnek yap\u0131s\u0131yla g\u00fcn boyu rahatl\u0131k sa\u011flar.<\/li>\n<li>\u00dcr\u00fcn\u00fcn kuma\u015f cinsine ve kullan\u0131ld\u0131\u011f\u0131 hava ko\u015fullar\u0131na g\u00f6re kullan\u0131m mevsimi de\u011fi\u015fiklik g\u00f6sterebilir.<\/li>\n<li>Kuma\u015f kalitesi ile rahat ve ferah kullan\u0131m sa\u011flayacak.<\/li>\n<li>T\u00fcrkiye\u2019de \u00fcretilmi\u015ftir.<\/li>\n<li>Oeko-Tex Sertifikal\u0131.<\/li>\n<li>Maksimum hareket \u00f6zg\u00fcrl\u00fc\u011f\u00fc sa\u011flar ve nefes alabilen bir yap\u0131dad\u0131r.<\/li>\n<li>\u00dcr\u00fcnlerimiz v\u00fccudunuzun \u015feklini m\u00fckemmel bir \u015fekilde al\u0131r ve diz yapma sorunu ya\u015fanmaz.<\/li>\n<li>Manken \u00f6zellikleri: S beden \/ 87-62-92<\/li>\n<li>Manken boyu: 174 cm<\/li>\n<\/ul>\n","protected":false},"excerpt":{"rendered":"<p>Kalite: P\u0130L\u0130SE\u00a0 %97 PES %3 Elastan Bedenler: 36-38-40-42 Kal\u0131p:\u00a0 Cigarette Renkler: Siyah \u2013 Fu\u015fya S\u0131k\u0131 dokuma teknolojisi sayesinde i\u00e7 g\u00f6stermez.<\/p>\n","protected":false},"featured_media":714,"comment_status":"closed","ping_status":"closed","template":"","meta":{"_joinchat":[]},"product_brand":[],"product_cat":[21],"product_tag":[],"class_list":{"0":"post-2248","1":"product","2":"type-product","3":"status-publish","4":"has-post-thumbnail","6":"product_cat-pantolon","8":"first","9":"instock","10":"shipping-taxable","11":"product-type-variable"},"_links":{"self":[{"href":"https:\/\/thinshop.com.tr\/en\/wp-json\/wp\/v2\/product\/2248","targetHints":{"allow":["GET"]}}],"collection":[{"href":"https:\/\/thinshop.com.tr\/en\/wp-json\/wp\/v2\/product"}],"about":[{"href":"https:\/\/thinshop.com.tr\/en\/wp-json\/wp\/v2\/types\/product"}],"replies":[{"embeddable":true,"href":"https:\/\/thinshop.com.tr\/en\/wp-json\/wp\/v2\/comments?post=2248"}],"wp:featuredmedia":[{"embeddable":true,"href":"https:\/\/thinshop.com.tr\/en\/wp-json\/wp\/v2\/media\/714"}],"wp:attachment":[{"href":"https:\/\/thinshop.com.tr\/en\/wp-json\/wp\/v2\/media?parent=2248"}],"wp:term":[{"taxonomy":"product_brand","embeddable":true,"href":"https:\/\/thinshop.com.tr\/en\/wp-json\/wp\/v2\/product_brand?post=2248"},{"taxonomy":"product_cat","embeddable":true,"href":"https:\/\/thinshop.com.tr\/en\/wp-json\/wp\/v2\/product_cat?post=2248"},{"taxonomy":"product_tag","embeddable":true,"href":"https:\/\/thinshop.com.tr\/en\/wp-json\/wp\/v2\/product_tag?post=2248"}],"curies":[{"name":"wp","href":"https:\/\/api.w.org\/{rel}","templated":true}]}}