{"id":681,"date":"2023-05-23T18:36:00","date_gmt":"2023-05-23T15:36:00","guid":{"rendered":"https:\/\/thinshop.com.tr\/?post_type=product&#038;p=681"},"modified":"2023-05-31T14:01:26","modified_gmt":"2023-05-31T11:01:26","slug":"yuksek-bel-lastikli-likrali-esnek-pantolon","status":"publish","type":"product","link":"https:\/\/thinshop.com.tr\/ar\/yuksek-bel-lastikli-likrali-esnek-pantolon\/","title":{"rendered":"Y\u00fcksek Bel Lastikli Likral\u0131 Esnek Pantolon"},"content":{"rendered":"<p><strong>Kalite:<\/strong> Scuba Crep %95 Polyester %5 Elastan<br \/>\n<strong>Bedenler:<\/strong> 36-38-40-42<br \/>\n<strong>Kal\u0131p:<\/strong> Cigarette<br \/>\n<strong>Renkler:<\/strong> Siyah \u2013 Beyaz<\/p>\n<ul>\n<li>S\u0131k\u0131 dokuma teknolojisi sayesinde i\u00e7 g\u00f6stermez.<\/li>\n<li>G\u00fcnl\u00fck Kullan\u0131ma uygundur.<\/li>\n<li>Makinede y\u0131kanabilir.<\/li>\n<li>Esnek yap\u0131s\u0131yla g\u00fcn boyu rahatl\u0131k sa\u011flar.<\/li>\n<li>\u00dcr\u00fcn\u00fcn kuma\u015f cinsine ve kullan\u0131ld\u0131\u011f\u0131 hava ko\u015fullar\u0131na g\u00f6re kullan\u0131m mevsimi de\u011fi\u015fiklik g\u00f6sterebilir.<\/li>\n<li>Kuma\u015f kalitesi ile rahat ve ferah kullan\u0131m sa\u011flayacak.<\/li>\n<li>T\u00fcrkiye\u2019de \u00fcretilmi\u015ftir.<\/li>\n<li>Oeko-Tex Sertifikal\u0131.<\/li>\n<li>Maksimum hareket \u00f6zg\u00fcrl\u00fc\u011f\u00fc sa\u011flar ve nefes alabilen bir yap\u0131dad\u0131r.<\/li>\n<li>\u00dcr\u00fcnlerimiz v\u00fccudunuzun \u015feklini m\u00fckemmel bir \u015fekilde al\u0131r ve diz yapma sorunu ya\u015fanmaz.<\/li>\n<li>Manken \u00f6zellikleri: S beden \/ 87-62-92<\/li>\n<li>Manken boyu: 174 cm<\/li>\n<\/ul>\n<p>&nbsp;<\/p>\n","protected":false},"excerpt":{"rendered":"<p>Kalite: Scuba Crep %95 Polyester %5 Elastan Bedenler: 36-38-40-42 Kal\u0131p: Cigarette Renkler: Siyah \u2013 Beyaz S\u0131k\u0131 dokuma teknolojisi sayesinde i\u00e7<\/p>\n","protected":false},"featured_media":0,"comment_status":"closed","ping_status":"closed","template":"","meta":{"_joinchat":[]},"product_brand":[],"product_cat":[21],"product_tag":[],"class_list":{"0":"post-681","1":"product","2":"type-product","3":"status-publish","5":"product_cat-pantolon","7":"first","8":"instock","9":"shipping-taxable","10":"product-type-variable"},"_links":{"self":[{"href":"https:\/\/thinshop.com.tr\/ar\/wp-json\/wp\/v2\/product\/681","targetHints":{"allow":["GET"]}}],"collection":[{"href":"https:\/\/thinshop.com.tr\/ar\/wp-json\/wp\/v2\/product"}],"about":[{"href":"https:\/\/thinshop.com.tr\/ar\/wp-json\/wp\/v2\/types\/product"}],"replies":[{"embeddable":true,"href":"https:\/\/thinshop.com.tr\/ar\/wp-json\/wp\/v2\/comments?post=681"}],"wp:attachment":[{"href":"https:\/\/thinshop.com.tr\/ar\/wp-json\/wp\/v2\/media?parent=681"}],"wp:term":[{"taxonomy":"product_brand","embeddable":true,"href":"https:\/\/thinshop.com.tr\/ar\/wp-json\/wp\/v2\/product_brand?post=681"},{"taxonomy":"product_cat","embeddable":true,"href":"https:\/\/thinshop.com.tr\/ar\/wp-json\/wp\/v2\/product_cat?post=681"},{"taxonomy":"product_tag","embeddable":true,"href":"https:\/\/thinshop.com.tr\/ar\/wp-json\/wp\/v2\/product_tag?post=681"}],"curies":[{"name":"wp","href":"https:\/\/api.w.org\/{rel}","templated":true}]}}