{"id":2291,"date":"2023-05-26T20:00:44","date_gmt":"2023-05-26T17:00:44","guid":{"rendered":"https:\/\/thinshop.com.tr\/?post_type=product&#038;p=2291"},"modified":"2023-05-31T14:01:22","modified_gmt":"2023-05-31T11:01:22","slug":"siyah-spanyol-paca-celik-orgu-tayt","status":"publish","type":"product","link":"https:\/\/thinshop.com.tr\/ar\/siyah-spanyol-paca-celik-orgu-tayt\/","title":{"rendered":"Siyah \u0130spanyol Pa\u00e7a \u00c7elik \u00d6rg\u00fc Tayt"},"content":{"rendered":"<p>Kalite: %95 Pes %5 Elastan<\/p>\n<p>Bedenler: 36-38-40-42<\/p>\n<p>Kal\u0131p:\u00a0 Slim Fit<\/p>\n<p>Renkler: Siyah<\/p>\n<p>-S\u0131k\u0131 dokuma teknolojisi sayesinde i\u00e7 g\u00f6stermez.<\/p>\n<p>G\u00fcnl\u00fck Kullan\u0131ma uygundur.<\/p>\n<p>Esen kuma\u015f\u0131 sayesinde g\u00fcn boyu rahatl\u0131k sa\u011flar.<\/p>\n<p>Makinede y\u0131kanabilir.<\/p>\n<p>\u00dcr\u00fcn\u00fcn kuma\u015f cinsine ve kullan\u0131ld\u0131\u011f\u0131 hava ko\u015fullar\u0131na g\u00f6re kullan\u0131m mevsimi de\u011fi\u015fiklik g\u00f6sterebilir.<\/p>\n<p>Kuma\u015f kalitesi ile rahat ve ferah kullan\u0131m sa\u011flayacak.<\/p>\n<p>T\u00fcrkiye\u2019de \u00fcretilmi\u015ftir.<\/p>\n<p>Oeko-Tex Sertifikal\u0131.<\/p>\n<p>Maksimum hareket \u00f6zg\u00fcrl\u00fc\u011f\u00fc sa\u011flar ve nefes alabilen bir yap\u0131dad\u0131r.<\/p>\n<p>\u00dcr\u00fcnlerimiz v\u00fccudunuzun \u015feklini m\u00fckemmel bir \u015fekilde al\u0131r ve diz yapma sorunu ya\u015fanmaz.<\/p>\n<p>Manken \u00f6zellikleri: S beden \/ 87-62-92<\/p>\n<p>Manken boyu: 174 cm<\/p>\n","protected":false},"excerpt":{"rendered":"<p>Kalite: %95 Pes %5 Elastan Bedenler: 36-38-40-42 Kal\u0131p:\u00a0 Slim Fit Renkler: Siyah -S\u0131k\u0131 dokuma teknolojisi sayesinde i\u00e7 g\u00f6stermez. G\u00fcnl\u00fck Kullan\u0131ma<\/p>\n","protected":false},"featured_media":1730,"comment_status":"closed","ping_status":"closed","template":"","meta":{"_joinchat":[]},"product_brand":[],"product_cat":[15],"product_tag":[],"class_list":{"0":"post-2291","1":"product","2":"type-product","3":"status-publish","4":"has-post-thumbnail","6":"product_cat-tayt","8":"first","9":"instock","10":"shipping-taxable","11":"product-type-simple"},"_links":{"self":[{"href":"https:\/\/thinshop.com.tr\/ar\/wp-json\/wp\/v2\/product\/2291","targetHints":{"allow":["GET"]}}],"collection":[{"href":"https:\/\/thinshop.com.tr\/ar\/wp-json\/wp\/v2\/product"}],"about":[{"href":"https:\/\/thinshop.com.tr\/ar\/wp-json\/wp\/v2\/types\/product"}],"replies":[{"embeddable":true,"href":"https:\/\/thinshop.com.tr\/ar\/wp-json\/wp\/v2\/comments?post=2291"}],"wp:featuredmedia":[{"embeddable":true,"href":"https:\/\/thinshop.com.tr\/ar\/wp-json\/wp\/v2\/media\/1730"}],"wp:attachment":[{"href":"https:\/\/thinshop.com.tr\/ar\/wp-json\/wp\/v2\/media?parent=2291"}],"wp:term":[{"taxonomy":"product_brand","embeddable":true,"href":"https:\/\/thinshop.com.tr\/ar\/wp-json\/wp\/v2\/product_brand?post=2291"},{"taxonomy":"product_cat","embeddable":true,"href":"https:\/\/thinshop.com.tr\/ar\/wp-json\/wp\/v2\/product_cat?post=2291"},{"taxonomy":"product_tag","embeddable":true,"href":"https:\/\/thinshop.com.tr\/ar\/wp-json\/wp\/v2\/product_tag?post=2291"}],"curies":[{"name":"wp","href":"https:\/\/api.w.org\/{rel}","templated":true}]}}